{"id":253,"date":"2026-01-20T23:38:25","date_gmt":"2026-01-20T23:38:25","guid":{"rendered":"https:\/\/sysopweb.com.mx\/kuboxbodegas\/?page_id=253"},"modified":"2026-02-10T01:15:02","modified_gmt":"2026-02-10T01:15:02","slug":"blog","status":"publish","type":"page","link":"https:\/\/kuboxbodegas.mx\/en\/blog\/","title":{"rendered":"Blog"},"content":{"rendered":"\t\t<div data-elementor-type=\"wp-page\" data-elementor-id=\"253\" class=\"elementor elementor-253\" data-elementor-post-type=\"page\">\n\t\t\t\t<div class=\"elementor-element elementor-element-00aaafe e-flex e-con-boxed e-con e-parent\" data-id=\"00aaafe\" data-element_type=\"container\" data-e-type=\"container\" data-settings=\"{&quot;background_background&quot;:&quot;classic&quot;}\">\n\t\t\t\t\t<div class=\"e-con-inner\">\n\t\t<div class=\"elementor-element elementor-element-5b7eb7a e-con-full e-flex elementor-invisible e-con e-child\" data-id=\"5b7eb7a\" data-element_type=\"container\" data-e-type=\"container\" data-settings=\"{&quot;animation&quot;:&quot;zoomIn&quot;}\">\n\t\t\t\t<div class=\"elementor-element elementor-element-3d7852b elementor-widget elementor-widget-heading\" data-id=\"3d7852b\" data-element_type=\"widget\" data-e-type=\"widget\" data-widget_type=\"heading.default\">\n\t\t\t\t<div class=\"elementor-widget-container\">\n\t\t\t\t\t<h1 class=\"elementor-heading-title elementor-size-default\">Blog<\/h1>\t\t\t\t<\/div>\n\t\t\t\t<\/div>\n\t\t\t\t<div class=\"elementor-element elementor-element-0bb3509 elementor-widget elementor-widget-ucaddon_blox_triangle_separators\" data-id=\"0bb3509\" data-element_type=\"widget\" data-e-type=\"widget\" data-widget_type=\"ucaddon_blox_triangle_separators.default\">\n\t\t\t\t<div class=\"elementor-widget-container\">\n\t\t\t\t\t\n<!-- start Shapes Separator -->\n<style>\/* widget: Shapes Separator *\/\n\n#uc_blox_triangle_separators_elementor_0bb3509.uc-shape-container{\n    display:flex;\n    \/*gap: 2px;\n    align-items:center;\n    justify-content:center;*\/\n}\n#uc_blox_triangle_separators_elementor_0bb3509.uc-shape-box{\n  display:flex;\n  align-items:center;\n  justify-content:center;\n  width:32px;\n  height:32px;\n}\n\n<\/style>\n\n<div class=\"uc-shape-container\" id=\"uc_blox_triangle_separators_elementor_0bb3509\">\n<div class=\"uc-shape-box elementor-repeater-item-f89d398\" id=\"uc_blox_triangle_separators_elementor_0bb3509_item1\">\n  &nbsp;\n<\/div>\n<div class=\"uc-shape-box elementor-repeater-item-f02d7eb\" id=\"uc_blox_triangle_separators_elementor_0bb3509_item2\">\n  &nbsp;\n<\/div>\n<div class=\"uc-shape-box elementor-repeater-item-2b929e4\" id=\"uc_blox_triangle_separators_elementor_0bb3509_item3\">\n  &nbsp;\n<\/div>\n<div class=\"uc-shape-box elementor-repeater-item-25b5b9f\" id=\"uc_blox_triangle_separators_elementor_0bb3509_item4\">\n  &nbsp;\n<\/div>\n<div class=\"uc-shape-box elementor-repeater-item-36ee967\" id=\"uc_blox_triangle_separators_elementor_0bb3509_item5\">\n  &nbsp;\n<\/div>\n\n<\/div>\n<!-- end Shapes Separator -->\t\t\t\t<\/div>\n\t\t\t\t<\/div>\n\t\t\t\t<\/div>\n\t\t\t\t\t<\/div>\n\t\t\t\t<\/div>\n\t\t<div class=\"elementor-element elementor-element-96cc64b e-flex e-con-boxed e-con e-parent\" data-id=\"96cc64b\" data-element_type=\"container\" data-e-type=\"container\">\n\t\t\t\t\t<div class=\"e-con-inner\">\n\t\t<div class=\"elementor-element elementor-element-647f3f3 e-con-full e-flex e-con e-child\" data-id=\"647f3f3\" data-element_type=\"container\" data-e-type=\"container\">\n\t\t\t\t<div class=\"elementor-element elementor-element-bcad75d elementor-widget elementor-widget-heading\" data-id=\"bcad75d\" data-element_type=\"widget\" data-e-type=\"widget\" data-widget_type=\"heading.default\">\n\t\t\t\t<div class=\"elementor-widget-container\">\n\t\t\t\t\t<h2 class=\"elementor-heading-title elementor-size-default\">Ideas y consejos<\/h2>\t\t\t\t<\/div>\n\t\t\t\t<\/div>\n\t\t\t\t<div class=\"elementor-element elementor-element-a1d8cff elementor-widget__width-auto elementor-widget elementor-widget-ucaddon_blox_triangle_separators\" data-id=\"a1d8cff\" data-element_type=\"widget\" data-e-type=\"widget\" data-widget_type=\"ucaddon_blox_triangle_separators.default\">\n\t\t\t\t<div class=\"elementor-widget-container\">\n\t\t\t\t\t\n<!-- start Shapes Separator -->\n<style>\/* widget: Shapes Separator *\/\n\n#uc_blox_triangle_separators_elementor_a1d8cff.uc-shape-container{\n    display:flex;\n    \/*gap: 2px;\n    align-items:center;\n    justify-content:center;*\/\n}\n#uc_blox_triangle_separators_elementor_a1d8cff.uc-shape-box{\n  display:flex;\n  align-items:center;\n  justify-content:center;\n  width:32px;\n  height:32px;\n}\n\n<\/style>\n\n<div class=\"uc-shape-container\" id=\"uc_blox_triangle_separators_elementor_a1d8cff\">\n<div class=\"uc-shape-box elementor-repeater-item-f89d398\" id=\"uc_blox_triangle_separators_elementor_a1d8cff_item1\">\n  &nbsp;\n<\/div>\n<div class=\"uc-shape-box elementor-repeater-item-f02d7eb\" id=\"uc_blox_triangle_separators_elementor_a1d8cff_item2\">\n  &nbsp;\n<\/div>\n<div class=\"uc-shape-box elementor-repeater-item-2b929e4\" id=\"uc_blox_triangle_separators_elementor_a1d8cff_item3\">\n  &nbsp;\n<\/div>\n<div class=\"uc-shape-box elementor-repeater-item-25b5b9f\" id=\"uc_blox_triangle_separators_elementor_a1d8cff_item4\">\n  &nbsp;\n<\/div>\n<div class=\"uc-shape-box elementor-repeater-item-36ee967\" id=\"uc_blox_triangle_separators_elementor_a1d8cff_item5\">\n  &nbsp;\n<\/div>\n\n<\/div>\n<!-- end Shapes Separator -->\t\t\t\t<\/div>\n\t\t\t\t<\/div>\n\t\t\t\t<\/div>\n\t\t<div class=\"elementor-element elementor-element-f1b38c4 e-con-full e-flex e-con e-child\" data-id=\"f1b38c4\" data-element_type=\"container\" data-e-type=\"container\">\n\t\t\t\t<div class=\"elementor-element elementor-element-8801fa6 elementor-widget elementor-widget-text-editor\" data-id=\"8801fa6\" data-element_type=\"widget\" data-e-type=\"widget\" data-widget_type=\"text-editor.default\">\n\t\t\t\t<div class=\"elementor-widget-container\">\n\t\t\t\t\t\t\t\t\t<p class=\"font_8 wixui-rich-text__text\">Descubre c\u00f3mo aprovechar al m\u00e1ximo nuestras mini bodegas en interior: tips de organizaci\u00f3n, seguridad y almacenamiento inteligente para proteger lo que m\u00e1s valoras con total confianza en KUBOX.<\/p>\t\t\t\t\t\t\t\t<\/div>\n\t\t\t\t<\/div>\n\t\t\t\t<\/div>\n\t\t<div class=\"elementor-element elementor-element-67a6c9c e-con-full e-flex e-con e-child\" data-id=\"67a6c9c\" data-element_type=\"container\" data-e-type=\"container\">\n\t\t\t\t<div class=\"elementor-element elementor-element-3fa3d07 elementor-invisible elementor-widget elementor-widget-ucaddon_post_grid\" data-id=\"3fa3d07\" data-element_type=\"widget\" data-e-type=\"widget\" data-settings=\"{&quot;_animation&quot;:&quot;fadeInUp&quot;,&quot;_animation_delay&quot;:200}\" data-widget_type=\"ucaddon_post_grid.default\">\n\t\t\t\t<div class=\"elementor-widget-container\">\n\t\t\t\t\t\n<!-- start Post Grid -->\n\t\t<link id='font-awesome-css' href='https:\/\/kuboxbodegas.mx\/wp-content\/plugins\/unlimited-elements-for-elementor-premium\/assets_libraries\/font-awesome6\/fontawesome-all.min.css' type='text\/css' rel='stylesheet' >\n\t\t<link id='font-awesome-4-shim-css' href='https:\/\/kuboxbodegas.mx\/wp-content\/plugins\/unlimited-elements-for-elementor-premium\/assets_libraries\/font-awesome6\/fontawesome-v4-shims.min.css' type='text\/css' rel='stylesheet' >\n\n<style>\/* widget: Post Grid *\/\n\n\n\n#uc_post_grid_elementor_3fa3d07{\n  min-height: 1px;\n}\n\n#uc_post_grid_elementor_3fa3d07.uc_post_grid_style_one .uc_post_grid_style_one_wrap {\n   display:grid;\n}\n\n\n#uc_post_grid_elementor_3fa3d07 .uc_post_grid_style_one_item{\n  position:relative;\n}\n\n#uc_post_grid_elementor_3fa3d07 .uc_post_image{\n  transition:0.3s;\n  position:relative;\n  overflow:hidden;\n}\n\n#uc_post_grid_elementor_3fa3d07 .uc_post_image img{\n  width:100%;\n  display:block;\n  transition:0.3s;\n}\n\n\t#uc_post_grid_elementor_3fa3d07 .ue-item:hover .uc_post_image img    {\n      transform:scale(1.1,1.1);\n    }\n\t\n\n#uc_post_grid_elementor_3fa3d07 .uc_post_image_overlay{\n  position:absolute;\n  top:0px;\n  left:0px;\n  height:100%;\n  width:100%;\n  transition:0.3s;\n}\n\n#uc_post_grid_elementor_3fa3d07 .uc_more_btn-custom-field{\n  display:inline-block;\n  text-align:center;\n  text-decoration:none;\n  transition:0.3s;\n}\n\n#uc_post_grid_elementor_3fa3d07 .uc_more_btn{\n  display:inline-block;\n  text-align:center;\n  text-decoration:none;\n  transition:0.3s;\n}\n\n.ue-grid-item-category a{\n  display:inline-block;\n  font-size:10px;\n  position: relative;\n  z-index: 1;\n}\n\n#uc_post_grid_elementor_3fa3d07 .ue-grid-item-posttype{\n  display:inline-block;\n  position: relative;\n  z-index: 1;\n}\n\n\n.uc_post_title{\n  font-size:21px;\n}\n\n\n#uc_post_grid_elementor_3fa3d07.uc_post_grid_style_one.ue-list-view .uc_content{\n flex-grow:1;\n}\n\n\n  #uc_post_grid_elementor_3fa3d07:not(.ue-list-view) .ue_post_grid_item{\n    display:flex;\n    flex-direction:column;\n  }\n  \n  #uc_post_grid_elementor_3fa3d07.uc_post_grid_style_one:not(.ue-list-view) .uc_content{\n   flex-grow:1;\n  }\n\n  #uc_post_grid_elementor_3fa3d07.uc_post_grid_style_one .uc_content > div{\n    height:100%;\n    display:flex;\n    flex-direction:column;\n    justify-content: space-between;  }\n\n    #uc_post_grid_elementor_3fa3d07 .uc_post_button   {\n     margin-top:auto;\n   }\n  \n\n\n\n\n\n\n\n\n\n\n\n\n\/*  for grid\/list layout switcher*\/\n\t#uc_post_grid_elementor_3fa3d07.ue-list-view .uc_post_grid_style_one_item {\n     display:flex;  \n     flex-direction:row;\n    }\n    #uc_post_grid_elementor_3fa3d07.ue-list-view .uc_post_grid_style_one_item > div{\n     width:50%;\n    }\n   \n    #uc_post_grid_elementor_3fa3d07.ue-list-view .uc_content    {\n      display:flex;\n      flex-direction:column;\n      justify-content:center;\n    }\n \n\/*  for grid\/list layout switcher*\/\n\n#uc_post_grid_elementor_3fa3d07 .ue-meta-data{  \n  display:flex !important;\n  flex-wrap: wrap;\n  line-height:1em;\n}\n\n#uc_post_grid_elementor_3fa3d07 .ue-grid-item-meta-data{\n  display:inline-flex;\n  align-items:center;\n}\n\n#uc_post_grid_elementor_3fa3d07 .ue-grid-item-meta-data a{\n  color:inherit;\n}\n\n.ue-grid-item-meta-data{\n  font-size:12px;\n}\n\n#uc_post_grid_elementor_3fa3d07 .ue-grid-item-meta-data-icon{\n  line-height:1em;\n}\n\n#uc_post_grid_elementor_3fa3d07 .ue-grid-item-meta-data-icon svg{\n  width:1em;\n  height:1em;\n}\n\n#uc_post_grid_elementor_3fa3d07 .ue-debug-meta{\n  padding:10px;\n  border:1px solid red;\n  position:relative;\n  line-height:1.5em;\n  font-size:11px;\n  width:100%;\n}\n\n#uc_post_grid_elementor_3fa3d07 .uc_btn_inner{\n  display:inline-flex;\n  align-items:center;\n  pointer-events:none;\n}\n\n#uc_post_grid_elementor_3fa3d07 .uc_btn_inner svg{\n  width:1em;\n  height:1em;\n}\n#uc_post_grid_elementor_3fa3d07 .ue_p_title{\n  pointer-events:none;\n}\n\n\n#uc_post_grid_elementor_3fa3d07 .uc_content_inner{\n  width: 100%;\n}\n\n\n#uc_post_grid_elementor_3fa3d07 .view-switcher-button{\n  display: flex;\n  align-items: center;\n}\n\n#uc_post_grid_elementor_3fa3d07 .view-switcher-icon{\n  display: flex;\n  align-items: center;\n  line-height: 1;\n  cursor: pointer;\n  transition: all .3s ease;\n}\n\n#uc_post_grid_elementor_3fa3d07 .view-switcher-icon svg{\n  height:1em;\n  width:1em;\n}\n\n#uc_post_grid_elementor_3fa3d07 .view-switcher-icon.ue-hidden{\n  display: none;\n}\n\n\n#uc_post_grid_elementor_3fa3d07_item1 [href=\"javascript:void(0)\"]{\n  cursor: unset;\n}\n\n\n#uc_post_grid_elementor_3fa3d07_item2 [href=\"javascript:void(0)\"]{\n  cursor: unset;\n}\n\n\n#uc_post_grid_elementor_3fa3d07_item3 [href=\"javascript:void(0)\"]{\n  cursor: unset;\n}\n\n\n<\/style>\n\n<div id=\"uc_post_grid_elementor_3fa3d07\" class=\"uc_post_grid_style_one \"  >\n  \t\n  <div class=\"uc_post_grid_style_one_wrap ue_post_grid uc-items-wrapper ue-woo-grid\">\n    \n\n\n\n\n<div id=\"uc_post_grid_elementor_3fa3d07_item1\" class=\"uc_post_grid_style_one_item ue_post_grid_item ue-item \">\n  \n      <a class=\"uc_post_grid_style_one_image \" href='https:\/\/kuboxbodegas.mx\/en\/almacenaje-para-ecommerce-como-escalar-tu-negocio-sin-rentar-una-bodega-industrial\/' target=\"_self\">\n     <div class=\"uc_post_image\">\n       <img fetchpriority=\"high\" decoding=\"async\" src=\"https:\/\/kuboxbodegas.mx\/wp-content\/uploads\/2026\/01\/bodega-1-768x619.jpg\"  src=\"https:\/\/kuboxbodegas.mx\/wp-content\/uploads\/2026\/01\/bodega-1-768x619.jpg\" alt=\"bodega 1\" width=\"768\" height=\"619\">\n       <div class=\"uc_post_image_overlay\"><\/div>\n     <\/div>\n    <\/a>\n   \n  <div class=\"uc_content\">\n    <div class=\"uc_content_inner\">\n      <div class=\"uc_content-info-wrapper\" >\n                \n                            \n        <div class=\"uc_post_title\"><a class=\"\" href='https:\/\/kuboxbodegas.mx\/en\/almacenaje-para-ecommerce-como-escalar-tu-negocio-sin-rentar-una-bodega-industrial\/' target=\"_self\"><div class=\"ue_p_title\">Almacenaje para eCommerce: c\u00f3mo escalar tu negocio sin rentar una bodega industrial<\/div><\/a><\/div>\t\n                 \n          <div class=\"ue-meta-data\">\n            \n                \t    \n                \n        \n\t\n                \n                \n                \n                \n    \t\t\t\n      \n            \n  <\/div>\t\n        \t<div class=\"uc_post_text\">A medida que un eCommerce crece, tambi\u00e9n lo hace la...<\/div>\n     \n                   \n                         \n                                              \n      <\/div>                      \n            <div class=\"uc_post_button\">\n        \n        <a class=\"uc_more_btn \" target=\"_self\" href='https:\/\/kuboxbodegas.mx\/en\/almacenaje-para-ecommerce-como-escalar-tu-negocio-sin-rentar-una-bodega-industrial\/'>\n          <div class=\"uc_btn_inner\">\n            <div class=\"uc_btn_txt\">Ver m\u00e1s<\/div>\n                      <\/div>\n      \t<\/a>\n        \n                \n      <\/div>                           \n \t<\/div>  <\/div>      \n        \n<\/div>\n\n\n\n\n\n<div id=\"uc_post_grid_elementor_3fa3d07_item2\" class=\"uc_post_grid_style_one_item ue_post_grid_item ue-item \">\n  \n      <a class=\"uc_post_grid_style_one_image \" href='https:\/\/kuboxbodegas.mx\/en\/tips-de-mudanza-para-un-proceso-mas-facil-y-sin-estres\/' target=\"_self\">\n     <div class=\"uc_post_image\">\n       <img decoding=\"async\" src=\"https:\/\/kuboxbodegas.mx\/wp-content\/uploads\/2025\/12\/cajas_ayuda-768x798.jpg\"  src=\"https:\/\/kuboxbodegas.mx\/wp-content\/uploads\/2025\/12\/cajas_ayuda-768x798.jpg\" alt=\"cajas_ayuda\" width=\"768\" height=\"798\">\n       <div class=\"uc_post_image_overlay\"><\/div>\n     <\/div>\n    <\/a>\n   \n  <div class=\"uc_content\">\n    <div class=\"uc_content_inner\">\n      <div class=\"uc_content-info-wrapper\" >\n                \n                            \n        <div class=\"uc_post_title\"><a class=\"\" href='https:\/\/kuboxbodegas.mx\/en\/tips-de-mudanza-para-un-proceso-mas-facil-y-sin-estres\/' target=\"_self\"><div class=\"ue_p_title\">Tips de mudanza para un proceso m\u00e1s f\u00e1cil y sin estr\u00e9s<\/div><\/a><\/div>\t\n                 \n          <div class=\"ue-meta-data\">\n            \n                \t    \n                \n        \n\t\n                \n                \n                \n                \n    \t\t\t\n      \n            \n  <\/div>\t\n        \t<div class=\"uc_post_text\">Mudarse puede ser el inicio de una nueva etapa, pero...<\/div>\n     \n                   \n                         \n                                              \n      <\/div>                      \n            <div class=\"uc_post_button\">\n        \n        <a class=\"uc_more_btn \" target=\"_self\" href='https:\/\/kuboxbodegas.mx\/en\/tips-de-mudanza-para-un-proceso-mas-facil-y-sin-estres\/'>\n          <div class=\"uc_btn_inner\">\n            <div class=\"uc_btn_txt\">Ver m\u00e1s<\/div>\n                      <\/div>\n      \t<\/a>\n        \n                \n      <\/div>                           \n \t<\/div>  <\/div>      \n        \n<\/div>\n\n\n\n\n\n<div id=\"uc_post_grid_elementor_3fa3d07_item3\" class=\"uc_post_grid_style_one_item ue_post_grid_item ue-item \">\n  \n      <a class=\"uc_post_grid_style_one_image \" href='https:\/\/kuboxbodegas.mx\/en\/senales-de-que-tu-casa-necesita-un-espacio-extra\/' target=\"_self\">\n     <div class=\"uc_post_image\">\n       <img decoding=\"async\" src=\"https:\/\/kuboxbodegas.mx\/wp-content\/uploads\/2025\/12\/mini-bodegas-768x511.jpg\"  src=\"https:\/\/kuboxbodegas.mx\/wp-content\/uploads\/2025\/12\/mini-bodegas-768x511.jpg\" alt=\"mini-bodegas\" width=\"768\" height=\"511\">\n       <div class=\"uc_post_image_overlay\"><\/div>\n     <\/div>\n    <\/a>\n   \n  <div class=\"uc_content\">\n    <div class=\"uc_content_inner\">\n      <div class=\"uc_content-info-wrapper\" >\n                \n                            \n        <div class=\"uc_post_title\"><a class=\"\" href='https:\/\/kuboxbodegas.mx\/en\/senales-de-que-tu-casa-necesita-un-espacio-extra\/' target=\"_self\"><div class=\"ue_p_title\">Se\u00f1ales de que tu casa necesita un \u201cespacio extra\u201d<\/div><\/a><\/div>\t\n                 \n          <div class=\"ue-meta-data\">\n            \n                \t    \n                \n        \n\t\n                \n                \n                \n                \n    \t\t\t\n      \n            \n  <\/div>\t\n        \t<div class=\"uc_post_text\">Si sientes que tu casa cada vez se ve m\u00e1s peque\u00f1a,...<\/div>\n     \n                   \n                         \n                                              \n      <\/div>                      \n            <div class=\"uc_post_button\">\n        \n        <a class=\"uc_more_btn \" target=\"_self\" href='https:\/\/kuboxbodegas.mx\/en\/senales-de-que-tu-casa-necesita-un-espacio-extra\/'>\n          <div class=\"uc_btn_inner\">\n            <div class=\"uc_btn_txt\">Ver m\u00e1s<\/div>\n                      <\/div>\n      \t<\/a>\n        \n                \n      <\/div>                           \n \t<\/div>  <\/div>      \n        \n<\/div>\n\n  <\/div>\n<\/div>\n\n  <div id=\"uc_post_grid_elementor_3fa3d07_empty_message\" class=\"ue-no-posts-found\"  style=\"display:none\" >No se encontraron notas<\/div>\n\n<!-- end Post Grid -->\t\t\t\t<\/div>\n\t\t\t\t<\/div>\n\t\t\t\t<\/div>\n\t\t\t\t\t<\/div>\n\t\t\t\t<\/div>\n\t\t<div class=\"elementor-element elementor-element-93a54c1 e-flex e-con-boxed e-con e-parent\" data-id=\"93a54c1\" data-element_type=\"container\" data-e-type=\"container\" data-settings=\"{&quot;background_background&quot;:&quot;classic&quot;}\">\n\t\t\t\t\t<div class=\"e-con-inner\">\n\t\t<div class=\"elementor-element elementor-element-b6f3246 e-con-full e-flex elementor-invisible e-con e-child\" data-id=\"b6f3246\" data-element_type=\"container\" data-e-type=\"container\" data-settings=\"{&quot;animation&quot;:&quot;zoomIn&quot;}\">\n\t\t\t\t<div class=\"elementor-element elementor-element-ed4b7c4 elementor-invisible elementor-widget elementor-widget-heading\" data-id=\"ed4b7c4\" data-element_type=\"widget\" data-e-type=\"widget\" data-settings=\"{&quot;_animation&quot;:&quot;fadeInDown&quot;}\" data-widget_type=\"heading.default\">\n\t\t\t\t<div class=\"elementor-widget-container\">\n\t\t\t\t\t<h2 class=\"elementor-heading-title elementor-size-default\">Da el siguiente paso hacia m\u00e1s orden y seguridad<\/h2>\t\t\t\t<\/div>\n\t\t\t\t<\/div>\n\t\t\t\t<div class=\"elementor-element elementor-element-5c5a39c elementor-widget__width-auto elementor-widget elementor-widget-ucaddon_blox_triangle_separators\" data-id=\"5c5a39c\" data-element_type=\"widget\" data-e-type=\"widget\" data-widget_type=\"ucaddon_blox_triangle_separators.default\">\n\t\t\t\t<div class=\"elementor-widget-container\">\n\t\t\t\t\t\n<!-- start Shapes Separator -->\n<style>\/* widget: Shapes Separator *\/\n\n#uc_blox_triangle_separators_elementor_5c5a39c.uc-shape-container{\n    display:flex;\n    \/*gap: 2px;\n    align-items:center;\n    justify-content:center;*\/\n}\n#uc_blox_triangle_separators_elementor_5c5a39c.uc-shape-box{\n  display:flex;\n  align-items:center;\n  justify-content:center;\n  width:32px;\n  height:32px;\n}\n\n<\/style>\n\n<div class=\"uc-shape-container\" id=\"uc_blox_triangle_separators_elementor_5c5a39c\">\n<div class=\"uc-shape-box elementor-repeater-item-f89d398\" id=\"uc_blox_triangle_separators_elementor_5c5a39c_item1\">\n  &nbsp;\n<\/div>\n<div class=\"uc-shape-box elementor-repeater-item-f02d7eb\" id=\"uc_blox_triangle_separators_elementor_5c5a39c_item2\">\n  &nbsp;\n<\/div>\n<div class=\"uc-shape-box elementor-repeater-item-2b929e4\" id=\"uc_blox_triangle_separators_elementor_5c5a39c_item3\">\n  &nbsp;\n<\/div>\n<div class=\"uc-shape-box elementor-repeater-item-25b5b9f\" id=\"uc_blox_triangle_separators_elementor_5c5a39c_item4\">\n  &nbsp;\n<\/div>\n<div class=\"uc-shape-box elementor-repeater-item-36ee967\" id=\"uc_blox_triangle_separators_elementor_5c5a39c_item5\">\n  &nbsp;\n<\/div>\n\n<\/div>\n<!-- end Shapes Separator -->\t\t\t\t<\/div>\n\t\t\t\t<\/div>\n\t\t\t\t<div class=\"elementor-element elementor-element-2af1227 e-transform elementor-widget elementor-widget-ucaddon_glare_effect_button\" data-id=\"2af1227\" data-element_type=\"widget\" data-e-type=\"widget\" data-settings=\"{&quot;_transform_scale_effect_hover&quot;:{&quot;unit&quot;:&quot;px&quot;,&quot;size&quot;:1.1,&quot;sizes&quot;:[]},&quot;_transform_scale_effect_hover_tablet&quot;:{&quot;unit&quot;:&quot;px&quot;,&quot;size&quot;:&quot;&quot;,&quot;sizes&quot;:[]},&quot;_transform_scale_effect_hover_mobile&quot;:{&quot;unit&quot;:&quot;px&quot;,&quot;size&quot;:&quot;&quot;,&quot;sizes&quot;:[]}}\" data-widget_type=\"ucaddon_glare_effect_button.default\">\n\t\t\t\t<div class=\"elementor-widget-container\">\n\t\t\t\t\t\n<!-- start Glare Button Effect -->\n\n<style>\/* widget: Glare Button Effect *\/\n\n#uc_glare_effect_button_elementor_2af1227 .ue_glare_button{\n  display:inline-flex;\n  align-items: center;\n  cursor: pointer;\n  border-radius: 8px;\n  overflow: hidden;\n  position: relative;\n  text-decoration:none;\n}\n\n#uc_glare_effect_button_elementor_2af1227 .ue_glare_button div {\n  display: block;\n  position: relative;\n  z-index: 10;\n}\n\n#uc_glare_effect_button_elementor_2af1227 .ue_glare_button:after,\n#uc_glare_effect_button_elementor_2af1227 .ue_glare_button:before {\n  content: '';\n  position: absolute;\n  top: 0;\n  left: calc(-100% - 30px);\n  height: calc(100%);\n  width: calc(100% + 20px);\n  transform: skew(-25deg);\n}\n\n#uc_glare_effect_button_elementor_2af1227 .ue_glare_button:after {\n  transition: left 800ms cubic-bezier(0.86, 0, 0.07, 1) 0.2s;\n  z-index: 0;\n}\n\n#uc_glare_effect_button_elementor_2af1227 .ue_glare_button:before {\n  z-index: 5;\n  transition: left 1000ms cubic-bezier(0.86, 0, 0.07, 1);\n}\n\n#uc_glare_effect_button_elementor_2af1227 .ue_glare_button:hover:after {\n  left: calc(0% - 10px);\n  transition: left 800ms cubic-bezier(0.86, 0, 0.07, 1);\n}\n\n#uc_glare_effect_button_elementor_2af1227 .ue_glare_button:hover:before {\n  left: calc(0% - 10px);\n  transition: left 1000ms cubic-bezier(0.86, 0, 0.07, 1);\n}\n\n\n\n<\/style>\n\n<div id=\"uc_glare_effect_button_elementor_2af1227\" class=\"ue_glare_button_effect\">\n  <a class=\"ue_glare_button\" href=\"https:\/\/kuboxbodegas.mx\/contacto\/\"  aria-label=\"\u00a1Cont\u00e1ctanos!\">\n        <div>\u00a1Cont\u00e1ctanos!<\/div>\n  <\/a>\n<\/div>\n<!-- end Glare Button Effect -->\t\t\t\t<\/div>\n\t\t\t\t<\/div>\n\t\t\t\t<\/div>\n\t\t\t\t\t<\/div>\n\t\t\t\t<\/div>\n\t\t\t\t<\/div>\n\t\t","protected":false},"excerpt":{"rendered":"<p>Blog &nbsp; &nbsp; &nbsp; &nbsp; &nbsp; Ideas y consejos &nbsp; &nbsp; &nbsp; &nbsp; &nbsp; Descubre c\u00f3mo aprovechar al m\u00e1ximo nuestras [&hellip;]<\/p>\n","protected":false},"author":1,"featured_media":0,"parent":0,"menu_order":0,"comment_status":"closed","ping_status":"closed","template":"","meta":{"site-sidebar-layout":"no-sidebar","site-content-layout":"","ast-site-content-layout":"full-width-container","site-content-style":"default","site-sidebar-style":"default","ast-global-header-display":"","ast-banner-title-visibility":"","ast-main-header-display":"","ast-hfb-above-header-display":"","ast-hfb-below-header-display":"","ast-hfb-mobile-header-display":"","site-post-title":"disabled","ast-breadcrumbs-content":"","ast-featured-img":"disabled","footer-sml-layout":"","ast-disable-related-posts":"","theme-transparent-header-meta":"","adv-header-id-meta":"","stick-header-meta":"","header-above-stick-meta":"","header-main-stick-meta":"","header-below-stick-meta":"","astra-migrate-meta-layouts":"default","ast-page-background-enabled":"default","ast-page-background-meta":{"desktop":{"background-color":"var(--ast-global-color-5)","background-image":"","background-repeat":"repeat","background-position":"center center","background-size":"auto","background-attachment":"scroll","background-type":"","background-media":"","overlay-type":"","overlay-color":"","overlay-opacity":"","overlay-gradient":""},"tablet":{"background-color":"","background-image":"","background-repeat":"repeat","background-position":"center center","background-size":"auto","background-attachment":"scroll","background-type":"","background-media":"","overlay-type":"","overlay-color":"","overlay-opacity":"","overlay-gradient":""},"mobile":{"background-color":"","background-image":"","background-repeat":"repeat","background-position":"center center","background-size":"auto","background-attachment":"scroll","background-type":"","background-media":"","overlay-type":"","overlay-color":"","overlay-opacity":"","overlay-gradient":""}},"ast-content-background-meta":{"desktop":{"background-color":"var(--ast-global-color-4)","background-image":"","background-repeat":"repeat","background-position":"center center","background-size":"auto","background-attachment":"scroll","background-type":"","background-media":"","overlay-type":"","overlay-color":"","overlay-opacity":"","overlay-gradient":""},"tablet":{"background-color":"var(--ast-global-color-4)","background-image":"","background-repeat":"repeat","background-position":"center center","background-size":"auto","background-attachment":"scroll","background-type":"","background-media":"","overlay-type":"","overlay-color":"","overlay-opacity":"","overlay-gradient":""},"mobile":{"background-color":"var(--ast-global-color-4)","background-image":"","background-repeat":"repeat","background-position":"center center","background-size":"auto","background-attachment":"scroll","background-type":"","background-media":"","overlay-type":"","overlay-color":"","overlay-opacity":"","overlay-gradient":""}},"footnotes":""},"class_list":["post-253","page","type-page","status-publish","hentry"],"aioseo_notices":[],"_links":{"self":[{"href":"https:\/\/kuboxbodegas.mx\/en\/wp-json\/wp\/v2\/pages\/253","targetHints":{"allow":["GET"]}}],"collection":[{"href":"https:\/\/kuboxbodegas.mx\/en\/wp-json\/wp\/v2\/pages"}],"about":[{"href":"https:\/\/kuboxbodegas.mx\/en\/wp-json\/wp\/v2\/types\/page"}],"author":[{"embeddable":true,"href":"https:\/\/kuboxbodegas.mx\/en\/wp-json\/wp\/v2\/users\/1"}],"replies":[{"embeddable":true,"href":"https:\/\/kuboxbodegas.mx\/en\/wp-json\/wp\/v2\/comments?post=253"}],"version-history":[{"count":10,"href":"https:\/\/kuboxbodegas.mx\/en\/wp-json\/wp\/v2\/pages\/253\/revisions"}],"predecessor-version":[{"id":300,"href":"https:\/\/kuboxbodegas.mx\/en\/wp-json\/wp\/v2\/pages\/253\/revisions\/300"}],"wp:attachment":[{"href":"https:\/\/kuboxbodegas.mx\/en\/wp-json\/wp\/v2\/media?parent=253"}],"curies":[{"name":"wp","href":"https:\/\/api.w.org\/{rel}","templated":true}]}}